{"id":24,"date":"2018-05-02T15:33:04","date_gmt":"2018-05-02T15:33:04","guid":{"rendered":"http:\/\/www.diyarbakirapartdairegunlukkiralikev.com\/?page_id=24"},"modified":"2018-05-02T17:05:50","modified_gmt":"2018-05-02T17:05:50","slug":"hakkinda","status":"publish","type":"page","link":"https:\/\/www.diyarbakirapartdairegunlukkiralikev.com\/?page_id=24","title":{"rendered":"Hakk\u0131nda"},"content":{"rendered":"<p>\ue089<br \/>\nResmi Kurumsal Firma<br \/>\nDiyarbak\u0131r Apar g\u00fcnl\u00fck kiral\u0131k daire sekt\u00f6r\u00fcn\u00fcn \u00f6nc\u00fc ve g\u00fcvenilir firmas\u0131 olan D\u0130TA\u015e TUR\u0130ZM firmas\u0131d\u0131r. Dolay\u0131s\u0131yla misafirlerimizi,ailemizi ziyarete gelen tan\u0131d\u0131klar\u0131m\u0131z gibi a\u011f\u0131rlamak ve sizleri kendi evinizde hissettirmek i\u00e7in elimizden geleni yap\u0131yoruz.<br \/>\n\ue0d9<br \/>\nG\u00fcvenilir<br \/>\nFirmam\u0131z vergi m\u00fckellefi olup,her zaman ula\u015f\u0131p muhatap bulabilece\u011finiz sabit ofis telefonumuz ve ofisimiz mevcuttur. Diyarbak\u0131r Apart g\u00fcnl\u00fck kiral\u0131k daire se\u00e7eneklerimizde g\u00fcvenle konaklayabilir ve kendi evinizdeymi\u015f gibi hissedebilirsiniz.<br \/>\n\ue0f5<br \/>\nM\u00fc\u015fteri Odakl\u0131<br \/>\nG\u00fcnl\u00fck kiral\u0131k evlerimizde konaklad\u0131\u011f\u0131n\u0131z s\u00fcre i\u00e7erisinde memnuniyetiniz bizim \u00f6nceli\u011fimizdir.Kendinizi evinizin rahatl\u0131\u011f\u0131nda hissedebilmeniz ve mutlu,memnun bir konaklama tecr\u00fcbesi ya\u015faman\u0131z i\u00e7in elimizden geleni yap\u0131yoruz.<br \/>\n\ue028<br \/>\n7&#038;24 Destek &#8211; Hizmet<br \/>\nEvlerimizde misafir oldu\u011funuz s\u00fcre i\u00e7erisinde bize her t\u00fcrl\u00fc soru,sorun,istek ve ihtiya\u00e7lar\u0131n\u0131z i\u00e7in 7 g\u00fcn 24 saat ula\u015fabilirsiniz. Evlerle ilgili herhangi bir teknik deste\u011fe ihtiya\u00e7 duyman\u0131z durumunda yine en k\u0131sa s\u00fcrede yard\u0131m\u0131n\u0131za ko\u015fuyor olaca\u011f\u0131z.<\/p>\n","protected":false},"excerpt":{"rendered":"<p>\ue089 Resmi Kurumsal Firma Diyarbak\u0131r Apar g\u00fcnl\u00fck kiral\u0131k daire sekt\u00f6r\u00fcn\u00fcn \u00f6nc\u00fc ve g\u00fcvenilir firmas\u0131 olan D\u0130TA\u015e TUR\u0130ZM firmas\u0131d\u0131r. Dolay\u0131s\u0131yla misafirlerimizi,ailemizi ziyarete gelen tan\u0131d\u0131klar\u0131m\u0131z gibi a\u011f\u0131rlamak ve sizleri kendi evinizde hissettirmek i\u00e7in elimizden geleni yap\u0131yoruz. \ue0d9 G\u00fcvenilir Firmam\u0131z vergi m\u00fckellefi olup,her zaman ula\u015f\u0131p muhatap bulabilece\u011finiz sabit ofis telefonumuz ve ofisimiz mevcuttur. Diyarbak\u0131r Apart g\u00fcnl\u00fck kiral\u0131k daire [&hellip;]<\/p>\n","protected":false},"author":1,"featured_media":0,"parent":0,"menu_order":0,"comment_status":"closed","ping_status":"closed","template":"","meta":{"footnotes":""},"class_list":["post-24","page","type-page","status-publish","hentry"],"_links":{"self":[{"href":"https:\/\/www.diyarbakirapartdairegunlukkiralikev.com\/index.php?rest_route=\/wp\/v2\/pages\/24","targetHints":{"allow":["GET"]}}],"collection":[{"href":"https:\/\/www.diyarbakirapartdairegunlukkiralikev.com\/index.php?rest_route=\/wp\/v2\/pages"}],"about":[{"href":"https:\/\/www.diyarbakirapartdairegunlukkiralikev.com\/index.php?rest_route=\/wp\/v2\/types\/page"}],"author":[{"embeddable":true,"href":"https:\/\/www.diyarbakirapartdairegunlukkiralikev.com\/index.php?rest_route=\/wp\/v2\/users\/1"}],"replies":[{"embeddable":true,"href":"https:\/\/www.diyarbakirapartdairegunlukkiralikev.com\/index.php?rest_route=%2Fwp%2Fv2%2Fcomments&post=24"}],"version-history":[{"count":0,"href":"https:\/\/www.diyarbakirapartdairegunlukkiralikev.com\/index.php?rest_route=\/wp\/v2\/pages\/24\/revisions"}],"wp:attachment":[{"href":"https:\/\/www.diyarbakirapartdairegunlukkiralikev.com\/index.php?rest_route=%2Fwp%2Fv2%2Fmedia&parent=24"}],"curies":[{"name":"wp","href":"https:\/\/api.w.org\/{rel}","templated":true}]}}